{"id":19312,"date":"2017-01-11T17:59:23","date_gmt":"2017-01-11T17:59:23","guid":{"rendered":"http:\/\/rossirevestimentos.com.br\/home\/?post_type=product&#038;p=19312"},"modified":"2017-01-11T17:59:23","modified_gmt":"2017-01-11T17:59:23","slug":"cobogo-favo","status":"publish","type":"product","link":"https:\/\/rossirevestimentos.com.br\/home\/loja\/cobogos\/cobogo-favo\/","title":{"rendered":"Cobog\u00f3 Favo"},"content":{"rendered":"","protected":false},"excerpt":{"rendered":"<p>Favo:<br \/>\ndimens\u00f5es: 13x16x7cm (LxAxP)<br \/>\nPeso: 740Kg<br \/>\nCor: Giallo D&#8217;oro &#8211; ref: C005<br \/>\nMat\u00e9ria prima: Faian\u00e7a Feldsp\u00e1tica<br \/>\nProcesso: Artesanal &#8211; Bi-queima<br \/>\nJunta m\u00ednima: 8mm<br \/>\nVaria\u00e7\u00e3o dimensional: 8mm<\/p>\n","protected":false},"featured_media":19313,"comment_status":"closed","ping_status":"closed","template":"","meta":[],"product_brand":[],"product_cat":[67],"product_tag":[116,133,136,134,135],"class_list":{"0":"post-19312","1":"product","2":"type-product","3":"status-publish","4":"has-post-thumbnail","6":"product_cat-cobogos","7":"product_tag-cobogo","8":"product_tag-elemento","9":"product_tag-retro","10":"product_tag-revestimento","11":"product_tag-vintage","13":"first","14":"instock","15":"shipping-taxable","16":"product-type-simple"},"_links":{"self":[{"href":"https:\/\/rossirevestimentos.com.br\/home\/wp-json\/wp\/v2\/product\/19312","targetHints":{"allow":["GET"]}}],"collection":[{"href":"https:\/\/rossirevestimentos.com.br\/home\/wp-json\/wp\/v2\/product"}],"about":[{"href":"https:\/\/rossirevestimentos.com.br\/home\/wp-json\/wp\/v2\/types\/product"}],"replies":[{"embeddable":true,"href":"https:\/\/rossirevestimentos.com.br\/home\/wp-json\/wp\/v2\/comments?post=19312"}],"wp:featuredmedia":[{"embeddable":true,"href":"https:\/\/rossirevestimentos.com.br\/home\/wp-json\/wp\/v2\/media\/19313"}],"wp:attachment":[{"href":"https:\/\/rossirevestimentos.com.br\/home\/wp-json\/wp\/v2\/media?parent=19312"}],"wp:term":[{"taxonomy":"product_brand","embeddable":true,"href":"https:\/\/rossirevestimentos.com.br\/home\/wp-json\/wp\/v2\/product_brand?post=19312"},{"taxonomy":"product_cat","embeddable":true,"href":"https:\/\/rossirevestimentos.com.br\/home\/wp-json\/wp\/v2\/product_cat?post=19312"},{"taxonomy":"product_tag","embeddable":true,"href":"https:\/\/rossirevestimentos.com.br\/home\/wp-json\/wp\/v2\/product_tag?post=19312"}],"curies":[{"name":"wp","href":"https:\/\/api.w.org\/{rel}","templated":true}]}}