{"id":19292,"date":"2016-10-18T19:18:43","date_gmt":"2016-10-18T19:18:43","guid":{"rendered":"http:\/\/rossirevestimentos.com.br\/home\/?post_type=product&#038;p=19292"},"modified":"2016-10-18T19:18:43","modified_gmt":"2016-10-18T19:18:43","slug":"almafi","status":"publish","type":"product","link":"https:\/\/rossirevestimentos.com.br\/home\/loja\/banheiro\/banheiras\/contemporaneas\/almafi\/","title":{"rendered":"Almafi"},"content":{"rendered":"","protected":false},"excerpt":{"rendered":"<p>A Banheira Amalfi traduz o que existe de mais inovador em termos de design de banheiras no momento. \u00c9 utilizada nos mais requintados ambientes e seu amplo encosto possibilita total relaxamento, com apoio at\u00e9 para a cabe\u00e7a.<br \/>\nComo uma banheira de imers\u00e3o, ou seja sem hidromassagem, \u00e9 perfeita para momentos de relaxamento e cuidado pessoal, sem barulho ou necessidades especiais de higieniza\u00e7\u00e3o antes do banho, e, seu modelo freestanding, flexibiliza os projetos de arquitetura e evita incomoda\u00e7\u00f5es ou investimento em m\u00e3o-de-obra para alvenaria.<br \/>\nProduzida em Quarrycast, material desenvolvido com uma rara rocha vulc\u00e2nica misturada \u00e0 resina de alta performance, a Banheira Amalfi tem como cor natural o branco e possui um brilho intenso. Isso porque a rocha vulc\u00e2nica \u00e9 naturalmente branca, o que evita que a pe\u00e7a fique amarelada com o tempo, at\u00e9 mesmo se exposta ao sol.<br \/>\nEm caso de riscos, devido \u00e0 mat\u00e9ria-prima, basta um simples polimento para a restaura\u00e7\u00e3o da superf\u00edcie da banheira. Al\u00e9m disso, o Quarrycast tamb\u00e9m mant\u00eam a temperatura da \u00e1gua por mais tempo do que as tradicionais banheiras de ferro, fibra, acr\u00edlico ou outros compostos e n\u00e3o torna a pe\u00e7a pesada ao ponto de necessitar de estrutura especial de sustenta\u00e7\u00e3o.<\/p>\n","protected":false},"featured_media":19293,"comment_status":"closed","ping_status":"closed","template":"","meta":[],"product_brand":[],"product_cat":[34,33,132],"product_tag":[130,131],"class_list":{"0":"post-19292","1":"product","2":"type-product","3":"status-publish","4":"has-post-thumbnail","6":"product_cat-banheiras","7":"product_cat-banheiro","8":"product_cat-contemporaneas","9":"product_tag-banheira","10":"product_tag-doka","12":"first","13":"instock","14":"shipping-taxable","15":"product-type-simple"},"_links":{"self":[{"href":"https:\/\/rossirevestimentos.com.br\/home\/wp-json\/wp\/v2\/product\/19292","targetHints":{"allow":["GET"]}}],"collection":[{"href":"https:\/\/rossirevestimentos.com.br\/home\/wp-json\/wp\/v2\/product"}],"about":[{"href":"https:\/\/rossirevestimentos.com.br\/home\/wp-json\/wp\/v2\/types\/product"}],"replies":[{"embeddable":true,"href":"https:\/\/rossirevestimentos.com.br\/home\/wp-json\/wp\/v2\/comments?post=19292"}],"wp:featuredmedia":[{"embeddable":true,"href":"https:\/\/rossirevestimentos.com.br\/home\/wp-json\/wp\/v2\/media\/19293"}],"wp:attachment":[{"href":"https:\/\/rossirevestimentos.com.br\/home\/wp-json\/wp\/v2\/media?parent=19292"}],"wp:term":[{"taxonomy":"product_brand","embeddable":true,"href":"https:\/\/rossirevestimentos.com.br\/home\/wp-json\/wp\/v2\/product_brand?post=19292"},{"taxonomy":"product_cat","embeddable":true,"href":"https:\/\/rossirevestimentos.com.br\/home\/wp-json\/wp\/v2\/product_cat?post=19292"},{"taxonomy":"product_tag","embeddable":true,"href":"https:\/\/rossirevestimentos.com.br\/home\/wp-json\/wp\/v2\/product_tag?post=19292"}],"curies":[{"name":"wp","href":"https:\/\/api.w.org\/{rel}","templated":true}]}}