{"id":19289,"date":"2016-09-28T13:56:41","date_gmt":"2016-09-28T13:56:41","guid":{"rendered":"http:\/\/rossirevestimentos.com.br\/home\/?post_type=product&#038;p=19289"},"modified":"2016-09-28T13:56:41","modified_gmt":"2016-09-28T13:56:41","slug":"banheira-vitoriana-slipper-bebe","status":"publish","type":"product","link":"https:\/\/rossirevestimentos.com.br\/home\/loja\/banheiro\/banheiras\/bebe\/banheira-vitoriana-slipper-bebe\/","title":{"rendered":"Banheira Vitoriana Slipper Beb\u00ea"},"content":{"rendered":"","protected":false},"excerpt":{"rendered":"<p><!--DOCTY--> <!--DOCTY-->A Banheira Vitoriana Slipper, com seu design cl\u00e1ssico aut\u00eantico, possui uma vers\u00e3o infantil!<br \/>\nAl\u00e9m de uma linda pe\u00e7a para decora\u00e7\u00e3o do quarto da crian\u00e7a, a Banheira Slipper Beb\u00ea foi desenvolvida com um amplo espa\u00e7o interno que facilita a acomoda\u00e7\u00e3o do beb\u00ea e tamb\u00e9m a movimenta\u00e7\u00e3o dos bra\u00e7os do adulto, que auxilia no momento do banho.<\/p>\n<p>A banheira \u00e9 produzida em acr\u00edlico 10mm branco e possui as op\u00e7\u00f5es de p\u00e9s brancos (DK8031) ou p\u00e9s cromados (DK8032).<br \/>\nPr\u00f3pria para beb\u00eas de at\u00e9 1 ano e 6 meses, ela possui garantia de 12 meses.<br \/>\nPara tornar o banho ainda mais pr\u00e1tico, a banheira n\u00e3o \u00e9 pesada, pode facilmente ser transporada, e n\u00e3o necessita ser fixada para desague, pois possui uma mangueira flex\u00edvel para sa\u00edda de \u00e1gua. <\/p>\n","protected":false},"featured_media":19290,"comment_status":"closed","ping_status":"closed","template":"","meta":[],"product_brand":[],"product_cat":[34,33,129],"product_tag":[130,38,131],"class_list":{"0":"post-19289","1":"product","2":"type-product","3":"status-publish","4":"has-post-thumbnail","6":"product_cat-banheiras","7":"product_cat-banheiro","8":"product_cat-bebe","9":"product_tag-banheira","10":"product_tag-banheiro","11":"product_tag-doka","13":"first","14":"instock","15":"shipping-taxable","16":"product-type-simple"},"_links":{"self":[{"href":"https:\/\/rossirevestimentos.com.br\/home\/wp-json\/wp\/v2\/product\/19289","targetHints":{"allow":["GET"]}}],"collection":[{"href":"https:\/\/rossirevestimentos.com.br\/home\/wp-json\/wp\/v2\/product"}],"about":[{"href":"https:\/\/rossirevestimentos.com.br\/home\/wp-json\/wp\/v2\/types\/product"}],"replies":[{"embeddable":true,"href":"https:\/\/rossirevestimentos.com.br\/home\/wp-json\/wp\/v2\/comments?post=19289"}],"wp:featuredmedia":[{"embeddable":true,"href":"https:\/\/rossirevestimentos.com.br\/home\/wp-json\/wp\/v2\/media\/19290"}],"wp:attachment":[{"href":"https:\/\/rossirevestimentos.com.br\/home\/wp-json\/wp\/v2\/media?parent=19289"}],"wp:term":[{"taxonomy":"product_brand","embeddable":true,"href":"https:\/\/rossirevestimentos.com.br\/home\/wp-json\/wp\/v2\/product_brand?post=19289"},{"taxonomy":"product_cat","embeddable":true,"href":"https:\/\/rossirevestimentos.com.br\/home\/wp-json\/wp\/v2\/product_cat?post=19289"},{"taxonomy":"product_tag","embeddable":true,"href":"https:\/\/rossirevestimentos.com.br\/home\/wp-json\/wp\/v2\/product_tag?post=19289"}],"curies":[{"name":"wp","href":"https:\/\/api.w.org\/{rel}","templated":true}]}}