{"id":19222,"date":"2016-09-21T13:33:01","date_gmt":"2016-09-21T13:33:01","guid":{"rendered":"http:\/\/rossirevestimentos.com.br\/home\/?post_type=product&#038;p=19222"},"modified":"2016-09-21T13:33:01","modified_gmt":"2016-09-21T13:33:01","slug":"pastilha-jatoba-geo-go7502-castana","status":"publish","type":"product","link":"https:\/\/rossirevestimentos.com.br\/home\/loja\/pastilhas\/porcelana\/geo\/pastilha-jatoba-geo-go7502-castana\/","title":{"rendered":"Pastilha Jatob\u00e1 Geo GO7502 Casta\u00f1a"},"content":{"rendered":"","protected":false},"excerpt":{"rendered":"<p>Casta\u00f1a 5x5cm<\/p>\n","protected":false},"featured_media":19219,"comment_status":"closed","ping_status":"closed","template":"","meta":[],"product_brand":[],"product_cat":[127,28,29],"product_tag":[125,89,117,88],"class_list":{"0":"post-19222","1":"product","2":"type-product","3":"status-publish","4":"has-post-thumbnail","6":"product_cat-geo","7":"product_cat-pastilhas","8":"product_cat-porcelana","9":"product_tag-geo","10":"product_tag-jatoba","11":"product_tag-pastilhas","12":"product_tag-porcelana","14":"first","15":"instock","16":"shipping-taxable","17":"product-type-simple"},"_links":{"self":[{"href":"https:\/\/rossirevestimentos.com.br\/home\/wp-json\/wp\/v2\/product\/19222","targetHints":{"allow":["GET"]}}],"collection":[{"href":"https:\/\/rossirevestimentos.com.br\/home\/wp-json\/wp\/v2\/product"}],"about":[{"href":"https:\/\/rossirevestimentos.com.br\/home\/wp-json\/wp\/v2\/types\/product"}],"replies":[{"embeddable":true,"href":"https:\/\/rossirevestimentos.com.br\/home\/wp-json\/wp\/v2\/comments?post=19222"}],"wp:featuredmedia":[{"embeddable":true,"href":"https:\/\/rossirevestimentos.com.br\/home\/wp-json\/wp\/v2\/media\/19219"}],"wp:attachment":[{"href":"https:\/\/rossirevestimentos.com.br\/home\/wp-json\/wp\/v2\/media?parent=19222"}],"wp:term":[{"taxonomy":"product_brand","embeddable":true,"href":"https:\/\/rossirevestimentos.com.br\/home\/wp-json\/wp\/v2\/product_brand?post=19222"},{"taxonomy":"product_cat","embeddable":true,"href":"https:\/\/rossirevestimentos.com.br\/home\/wp-json\/wp\/v2\/product_cat?post=19222"},{"taxonomy":"product_tag","embeddable":true,"href":"https:\/\/rossirevestimentos.com.br\/home\/wp-json\/wp\/v2\/product_tag?post=19222"}],"curies":[{"name":"wp","href":"https:\/\/api.w.org\/{rel}","templated":true}]}}