{"id":19072,"date":"2016-09-14T15:30:17","date_gmt":"2016-09-14T15:30:17","guid":{"rendered":"http:\/\/rossirevestimentos.com.br\/home\/?post_type=product&#038;p=19072"},"modified":"2016-09-14T17:21:34","modified_gmt":"2016-09-14T17:21:34","slug":"pastilha-jatoba-decoracao-jd4802-azul-mediterraneo","status":"publish","type":"product","link":"https:\/\/rossirevestimentos.com.br\/home\/loja\/pastilhas\/porcelana\/decoracao\/pastilha-jatoba-decoracao-jd4802-azul-mediterraneo\/","title":{"rendered":"Pastilha Jatob\u00e1 Decora\u00e7\u00e3o JD4802 Azul Mediterr\u00e2neo"},"content":{"rendered":"","protected":false},"excerpt":{"rendered":"<p>Refer\u00eancia JD4802 &#8211; Azul Mediterr\u00e2neo 5x5cm.<\/p>\n","protected":false},"featured_media":19038,"comment_status":"closed","ping_status":"closed","template":"","meta":[],"product_brand":[],"product_cat":[120,28,29],"product_tag":[121,89,117,88],"class_list":{"0":"post-19072","1":"product","2":"type-product","3":"status-publish","4":"has-post-thumbnail","6":"product_cat-decoracao","7":"product_cat-pastilhas","8":"product_cat-porcelana","9":"product_tag-decoracao","10":"product_tag-jatoba","11":"product_tag-pastilhas","12":"product_tag-porcelana","14":"first","15":"instock","16":"shipping-taxable","17":"product-type-simple"},"_links":{"self":[{"href":"https:\/\/rossirevestimentos.com.br\/home\/wp-json\/wp\/v2\/product\/19072","targetHints":{"allow":["GET"]}}],"collection":[{"href":"https:\/\/rossirevestimentos.com.br\/home\/wp-json\/wp\/v2\/product"}],"about":[{"href":"https:\/\/rossirevestimentos.com.br\/home\/wp-json\/wp\/v2\/types\/product"}],"replies":[{"embeddable":true,"href":"https:\/\/rossirevestimentos.com.br\/home\/wp-json\/wp\/v2\/comments?post=19072"}],"wp:featuredmedia":[{"embeddable":true,"href":"https:\/\/rossirevestimentos.com.br\/home\/wp-json\/wp\/v2\/media\/19038"}],"wp:attachment":[{"href":"https:\/\/rossirevestimentos.com.br\/home\/wp-json\/wp\/v2\/media?parent=19072"}],"wp:term":[{"taxonomy":"product_brand","embeddable":true,"href":"https:\/\/rossirevestimentos.com.br\/home\/wp-json\/wp\/v2\/product_brand?post=19072"},{"taxonomy":"product_cat","embeddable":true,"href":"https:\/\/rossirevestimentos.com.br\/home\/wp-json\/wp\/v2\/product_cat?post=19072"},{"taxonomy":"product_tag","embeddable":true,"href":"https:\/\/rossirevestimentos.com.br\/home\/wp-json\/wp\/v2\/product_tag?post=19072"}],"curies":[{"name":"wp","href":"https:\/\/api.w.org\/{rel}","templated":true}]}}