{"id":18979,"date":"2016-09-14T13:44:06","date_gmt":"2016-09-14T13:44:06","guid":{"rendered":"http:\/\/rossirevestimentos.com.br\/home\/?post_type=product&#038;p=18979"},"modified":"2016-09-14T13:44:06","modified_gmt":"2016-09-14T13:44:06","slug":"pastilha-jatoba-cobogo-jo4102-perola-oceanico","status":"publish","type":"product","link":"https:\/\/rossirevestimentos.com.br\/home\/loja\/pastilhas\/porcelana\/cobogo\/pastilha-jatoba-cobogo-jo4102-perola-oceanico\/","title":{"rendered":"Pastilha Jatob\u00e1 Cobog\u00f3 JO4102 P\u00e9rola Oce\u00e2nico"},"content":{"rendered":"","protected":false},"excerpt":{"rendered":"<p>A cole\u00e7\u00e3o Cobog\u00f3 da Jatob\u00e1, faz referencia ao tijolo vazado, de cimento &#8211; criado na d\u00e9cada de 20 em Recife.<\/p>\n<p>Refer\u00eancia JO4102 &#8211; P\u00e9rola Oce\u00e2nico 5x5cm<\/p>\n","protected":false},"featured_media":18970,"comment_status":"closed","ping_status":"closed","template":"","meta":[],"product_brand":[],"product_cat":[115,28,29],"product_tag":[116,89,117,88],"class_list":{"0":"post-18979","1":"product","2":"type-product","3":"status-publish","4":"has-post-thumbnail","6":"product_cat-cobogo","7":"product_cat-pastilhas","8":"product_cat-porcelana","9":"product_tag-cobogo","10":"product_tag-jatoba","11":"product_tag-pastilhas","12":"product_tag-porcelana","14":"first","15":"instock","16":"shipping-taxable","17":"product-type-simple"},"_links":{"self":[{"href":"https:\/\/rossirevestimentos.com.br\/home\/wp-json\/wp\/v2\/product\/18979","targetHints":{"allow":["GET"]}}],"collection":[{"href":"https:\/\/rossirevestimentos.com.br\/home\/wp-json\/wp\/v2\/product"}],"about":[{"href":"https:\/\/rossirevestimentos.com.br\/home\/wp-json\/wp\/v2\/types\/product"}],"replies":[{"embeddable":true,"href":"https:\/\/rossirevestimentos.com.br\/home\/wp-json\/wp\/v2\/comments?post=18979"}],"wp:featuredmedia":[{"embeddable":true,"href":"https:\/\/rossirevestimentos.com.br\/home\/wp-json\/wp\/v2\/media\/18970"}],"wp:attachment":[{"href":"https:\/\/rossirevestimentos.com.br\/home\/wp-json\/wp\/v2\/media?parent=18979"}],"wp:term":[{"taxonomy":"product_brand","embeddable":true,"href":"https:\/\/rossirevestimentos.com.br\/home\/wp-json\/wp\/v2\/product_brand?post=18979"},{"taxonomy":"product_cat","embeddable":true,"href":"https:\/\/rossirevestimentos.com.br\/home\/wp-json\/wp\/v2\/product_cat?post=18979"},{"taxonomy":"product_tag","embeddable":true,"href":"https:\/\/rossirevestimentos.com.br\/home\/wp-json\/wp\/v2\/product_tag?post=18979"}],"curies":[{"name":"wp","href":"https:\/\/api.w.org\/{rel}","templated":true}]}}