{"id":18967,"date":"2016-09-14T13:35:43","date_gmt":"2016-09-14T13:35:43","guid":{"rendered":"http:\/\/rossirevestimentos.com.br\/home\/?post_type=product&#038;p=18967"},"modified":"2016-09-14T13:39:38","modified_gmt":"2016-09-14T13:39:38","slug":"pastilha-jatoba-cobogo-jo6001-super-branco","status":"publish","type":"product","link":"https:\/\/rossirevestimentos.com.br\/home\/loja\/pastilhas\/porcelana\/cobogo\/pastilha-jatoba-cobogo-jo6001-super-branco\/","title":{"rendered":"Pastilha Jatob\u00e1 Cobog\u00f3 JO6001 Super Branco"},"content":{"rendered":"","protected":false},"excerpt":{"rendered":"<p>A cole\u00e7\u00e3o Cobog\u00f3 da Jatob\u00e1, faz referencia ao tijolo vazado, de cimento &#8211; criado na d\u00e9cada de 20 em Recife.<\/p>\n<p>Refer\u00eancia JO6001 \u2013 Super Branco 5x5cm.<\/p>\n","protected":false},"featured_media":18968,"comment_status":"closed","ping_status":"closed","template":"","meta":[],"product_brand":[],"product_cat":[115,28,29],"product_tag":[116,89,87,88],"class_list":{"0":"post-18967","1":"product","2":"type-product","3":"status-publish","4":"has-post-thumbnail","6":"product_cat-cobogo","7":"product_cat-pastilhas","8":"product_cat-porcelana","9":"product_tag-cobogo","10":"product_tag-jatoba","11":"product_tag-pastilha","12":"product_tag-porcelana","14":"first","15":"instock","16":"shipping-taxable","17":"product-type-simple"},"_links":{"self":[{"href":"https:\/\/rossirevestimentos.com.br\/home\/wp-json\/wp\/v2\/product\/18967","targetHints":{"allow":["GET"]}}],"collection":[{"href":"https:\/\/rossirevestimentos.com.br\/home\/wp-json\/wp\/v2\/product"}],"about":[{"href":"https:\/\/rossirevestimentos.com.br\/home\/wp-json\/wp\/v2\/types\/product"}],"replies":[{"embeddable":true,"href":"https:\/\/rossirevestimentos.com.br\/home\/wp-json\/wp\/v2\/comments?post=18967"}],"wp:featuredmedia":[{"embeddable":true,"href":"https:\/\/rossirevestimentos.com.br\/home\/wp-json\/wp\/v2\/media\/18968"}],"wp:attachment":[{"href":"https:\/\/rossirevestimentos.com.br\/home\/wp-json\/wp\/v2\/media?parent=18967"}],"wp:term":[{"taxonomy":"product_brand","embeddable":true,"href":"https:\/\/rossirevestimentos.com.br\/home\/wp-json\/wp\/v2\/product_brand?post=18967"},{"taxonomy":"product_cat","embeddable":true,"href":"https:\/\/rossirevestimentos.com.br\/home\/wp-json\/wp\/v2\/product_cat?post=18967"},{"taxonomy":"product_tag","embeddable":true,"href":"https:\/\/rossirevestimentos.com.br\/home\/wp-json\/wp\/v2\/product_tag?post=18967"}],"curies":[{"name":"wp","href":"https:\/\/api.w.org\/{rel}","templated":true}]}}