{"id":18292,"date":"2016-08-22T20:15:17","date_gmt":"2016-08-22T20:15:17","guid":{"rendered":"http:\/\/rossirevestimentos.com.br\/home\/?post_type=product&#038;p=18292"},"modified":"2016-08-22T20:16:57","modified_gmt":"2016-08-22T20:16:57","slug":"chuveiro-redondo-em-aco-inoxidavel-25","status":"publish","type":"product","link":"https:\/\/rossirevestimentos.com.br\/home\/loja\/banheiro\/chuveiros_e_duchas\/chuveiro-redondo-em-aco-inoxidavel-25\/","title":{"rendered":"Chuveiro Redondo em A\u00e7o Inoxid\u00e1vel 25"},"content":{"rendered":"","protected":false},"excerpt":{"rendered":"<p>25cm de di\u00e2metro.<\/p>\n","protected":false},"featured_media":18273,"comment_status":"closed","ping_status":"closed","template":"","meta":[],"product_brand":[],"product_cat":[33,85],"product_tag":[38,84,40],"class_list":{"0":"post-18292","1":"product","2":"type-product","3":"status-publish","4":"has-post-thumbnail","6":"product_cat-banheiro","7":"product_cat-chuveiros_e_duchas","8":"product_tag-banheiro","9":"product_tag-chuveiro","10":"product_tag-proaqua","12":"first","13":"instock","14":"shipping-taxable","15":"product-type-simple"},"_links":{"self":[{"href":"https:\/\/rossirevestimentos.com.br\/home\/wp-json\/wp\/v2\/product\/18292","targetHints":{"allow":["GET"]}}],"collection":[{"href":"https:\/\/rossirevestimentos.com.br\/home\/wp-json\/wp\/v2\/product"}],"about":[{"href":"https:\/\/rossirevestimentos.com.br\/home\/wp-json\/wp\/v2\/types\/product"}],"replies":[{"embeddable":true,"href":"https:\/\/rossirevestimentos.com.br\/home\/wp-json\/wp\/v2\/comments?post=18292"}],"wp:featuredmedia":[{"embeddable":true,"href":"https:\/\/rossirevestimentos.com.br\/home\/wp-json\/wp\/v2\/media\/18273"}],"wp:attachment":[{"href":"https:\/\/rossirevestimentos.com.br\/home\/wp-json\/wp\/v2\/media?parent=18292"}],"wp:term":[{"taxonomy":"product_brand","embeddable":true,"href":"https:\/\/rossirevestimentos.com.br\/home\/wp-json\/wp\/v2\/product_brand?post=18292"},{"taxonomy":"product_cat","embeddable":true,"href":"https:\/\/rossirevestimentos.com.br\/home\/wp-json\/wp\/v2\/product_cat?post=18292"},{"taxonomy":"product_tag","embeddable":true,"href":"https:\/\/rossirevestimentos.com.br\/home\/wp-json\/wp\/v2\/product_tag?post=18292"}],"curies":[{"name":"wp","href":"https:\/\/api.w.org\/{rel}","templated":true}]}}