{"id":18099,"date":"2016-08-01T17:34:58","date_gmt":"2016-08-01T17:34:58","guid":{"rendered":"http:\/\/rossirevestimentos.com.br\/home\/?page_id=18099"},"modified":"2024-03-24T06:24:49","modified_gmt":"2024-03-24T06:24:49","slug":"orcamento-online","status":"publish","type":"page","link":"https:\/\/rossirevestimentos.com.br\/home\/orcamento-online\/","title":{"rendered":"Or\u00e7amento Online"},"content":{"rendered":"<div class=\"fusion-fullwidth fullwidth-box fusion-fullwidth-1  fusion-parallax-none nonhundred-percent-fullwidth\" style=\"border-color:#eae9e9;border-bottom-width: 0px;border-top-width: 0px;border-bottom-style: solid;border-top-style: solid;padding-bottom:20px;padding-top:20px;padding-left:;padding-right:;background-color:#ffffff;\"><style type=\"text\/css\" scoped=\"scoped\">.fusion-fullwidth-1 {\n                            padding-left: px !important;\n                            padding-right: px !important;\n                        }<\/style><div class=\"fusion-row\"><div class=\"fusion-one-full fusion-layout-column fusion-column-last fusion-spacing-yes\" style=\"margin-top:15px;margin-bottom:15px;\"><div class=\"fusion-column-wrapper\">\n<div class=\"wpcf7 no-js\" id=\"wpcf7-f18940-o1\" lang=\"pt-BR\" dir=\"ltr\" data-wpcf7-id=\"18940\">\n<div class=\"screen-reader-response\"><p role=\"status\" aria-live=\"polite\" aria-atomic=\"true\"><\/p> <ul><\/ul><\/div>\n<form action=\"\/home\/wp-json\/wp\/v2\/pages\/18099#wpcf7-f18940-o1\" method=\"post\" class=\"wpcf7-form init\" aria-label=\"Formul\u00e1rios de contato\" novalidate=\"novalidate\" data-status=\"init\">\n<fieldset class=\"hidden-fields-container\"><input type=\"hidden\" name=\"_wpcf7\" value=\"18940\" \/><input type=\"hidden\" name=\"_wpcf7_version\" value=\"6.1.1\" \/><input type=\"hidden\" name=\"_wpcf7_locale\" value=\"pt_BR\" \/><input type=\"hidden\" name=\"_wpcf7_unit_tag\" value=\"wpcf7-f18940-o1\" \/><input type=\"hidden\" name=\"_wpcf7_container_post\" value=\"0\" \/><input type=\"hidden\" name=\"_wpcf7_posted_data_hash\" value=\"\" \/>\n<\/fieldset>\n<h2 align=\"center\">Fa\u00e7a seu pedido de Or\u00e7amento:\n<\/h2>\n<h4 align=\"center\">Respondemos seu pedido de or\u00e7amento online no prazo de at\u00e9 24hrs (dia \u00fatil)\n<\/h4>\n<p>Nome*\n<\/p>\n<p><span class=\"wpcf7-form-control-wrap\" data-name=\"your-name\"><input size=\"40\" maxlength=\"400\" class=\"wpcf7-form-control wpcf7-text wpcf7-validates-as-required\" aria-required=\"true\" aria-invalid=\"false\" value=\"\" type=\"text\" name=\"your-name\" \/><\/span>\n<\/p>\n<p>E-mail*\n<\/p>\n<p><span class=\"wpcf7-form-control-wrap\" data-name=\"your-email\"><input size=\"40\" maxlength=\"400\" class=\"wpcf7-form-control wpcf7-email wpcf7-validates-as-required wpcf7-text wpcf7-validates-as-email\" aria-required=\"true\" aria-invalid=\"false\" value=\"\" type=\"email\" name=\"your-email\" \/><\/span>\n<\/p>\n<p>Telefone*\n<\/p>\n<p><span class=\"wpcf7-form-control-wrap\" data-name=\"your-tel\"><input size=\"40\" maxlength=\"400\" class=\"wpcf7-form-control wpcf7-text wpcf7-validates-as-required\" aria-required=\"true\" aria-invalid=\"false\" value=\"\" type=\"text\" name=\"your-tel\" \/><\/span>\n<\/p>\n<p>Produto de interesse*\n<\/p>\n<p><span class=\"wpcf7-form-control-wrap\" data-name=\"produto\"><select class=\"wpcf7-form-control wpcf7-select wpcf7-validates-as-required\" aria-required=\"true\" aria-invalid=\"false\" name=\"produto\"><option value=\"\">&#8212;Escolha uma op\u00e7\u00e3o&#8212;<\/option><option value=\"Pastilhas\">Pastilhas<\/option><option value=\"F\u00f3rmicas\">F\u00f3rmicas<\/option><option value=\"Banheiro\">Banheiro<\/option><option value=\"Argamassa\">Argamassa<\/option><option value=\"Mosaicos\">Mosaicos<\/option><option value=\"Personaliza\u00e7\u00e3o\">Personaliza\u00e7\u00e3o<\/option><option value=\"Pisos\">Pisos<\/option><option value=\"Cobog\u00f3s\">Cobog\u00f3s<\/option><option value=\"Piscinas\">Piscinas<\/option><option value=\"Ciment\u00edcios\">Ciment\u00edcios<\/option><option value=\"Revestimentos Especiais\">Revestimentos Especiais<\/option><option value=\"Pedras\">Pedras<\/option><option value=\"Rossi Resolve\">Rossi Resolve<\/option><option value=\"Outro\">Outro<\/option><\/select><\/span>\n<\/p>\n<p>Quer saber sobre um produto espec\u00edfico? Insira o c\u00f3digo de refer\u00eancia do produto:\n<\/p>\n<p><span class=\"wpcf7-form-control-wrap\" data-name=\"your-ref\"><input size=\"40\" maxlength=\"400\" class=\"wpcf7-form-control wpcf7-text\" aria-invalid=\"false\" value=\"\" type=\"text\" name=\"your-ref\" \/><\/span>\n<\/p>\n<p>Mensagem\n<\/p>\n<p><span class=\"wpcf7-form-control-wrap\" data-name=\"your-message\"><textarea cols=\"40\" rows=\"10\" maxlength=\"2000\" class=\"wpcf7-form-control wpcf7-textarea\" aria-invalid=\"false\" name=\"your-message\"><\/textarea><\/span>\n<\/p>\n<p style=\"font-size:10px;\">*Campos Obrigat\u00f3rios\n<\/p>\n<p><input class=\"wpcf7-form-control wpcf7-submit has-spinner\" type=\"submit\" value=\"Enviar\" \/>\n<\/p><div class=\"wpcf7-response-output\" aria-hidden=\"true\"><\/div>\n<\/form>\n<\/div>\n<div class=\"fusion-clearfix\"><\/div><\/div><\/div><div class=\"fusion-clearfix\"><\/div><\/div><\/div>\n","protected":false},"excerpt":{"rendered":"","protected":false},"author":1,"featured_media":0,"parent":0,"menu_order":0,"comment_status":"closed","ping_status":"closed","template":"","meta":{"footnotes":""},"class_list":["post-18099","page","type-page","status-publish","hentry"],"_links":{"self":[{"href":"https:\/\/rossirevestimentos.com.br\/home\/wp-json\/wp\/v2\/pages\/18099","targetHints":{"allow":["GET"]}}],"collection":[{"href":"https:\/\/rossirevestimentos.com.br\/home\/wp-json\/wp\/v2\/pages"}],"about":[{"href":"https:\/\/rossirevestimentos.com.br\/home\/wp-json\/wp\/v2\/types\/page"}],"author":[{"embeddable":true,"href":"https:\/\/rossirevestimentos.com.br\/home\/wp-json\/wp\/v2\/users\/1"}],"replies":[{"embeddable":true,"href":"https:\/\/rossirevestimentos.com.br\/home\/wp-json\/wp\/v2\/comments?post=18099"}],"version-history":[{"count":2,"href":"https:\/\/rossirevestimentos.com.br\/home\/wp-json\/wp\/v2\/pages\/18099\/revisions"}],"predecessor-version":[{"id":18941,"href":"https:\/\/rossirevestimentos.com.br\/home\/wp-json\/wp\/v2\/pages\/18099\/revisions\/18941"}],"wp:attachment":[{"href":"https:\/\/rossirevestimentos.com.br\/home\/wp-json\/wp\/v2\/media?parent=18099"}],"curies":[{"name":"wp","href":"https:\/\/api.w.org\/{rel}","templated":true}]}}