{"id":17958,"date":"2016-07-06T15:54:19","date_gmt":"2016-07-06T18:54:19","guid":{"rendered":"http:\/\/localhost:8888\/?page_id=17957"},"modified":"2016-09-12T20:08:23","modified_gmt":"2016-09-12T20:08:23","slug":"a-rossi","status":"publish","type":"page","link":"https:\/\/rossirevestimentos.com.br\/home\/a-rossi\/","title":{"rendered":"A Rossi"},"content":{"rendered":"<div class=\"fusion-fullwidth fullwidth-box fusion-fullwidth-1  fusion-parallax-none nonhundred-percent-fullwidth\" style=\"border-color:#eae9e9;border-bottom-width: 0px;border-top-width: 0px;border-bottom-style: solid;border-top-style: solid;padding-bottom:20px;padding-top:20px;padding-left:;padding-right:;background-color:#ffffff;\"><style type=\"text\/css\" scoped=\"scoped\">.fusion-fullwidth-1 {\n                            padding-left: px !important;\n                            padding-right: px !important;\n                        }<\/style><div class=\"fusion-row\"><div class=\"fusion-title title fusion-title-center fusion-title-size-one\" style=\"margin-bottom:30px;\"><div class=\"title-sep-container title-sep-container-left\"><div class=\"title-sep sep-single\"><\/div><\/div><h1 class=\"title-heading-center\">NOSSA HIST\u00d3RIA<\/h1><div class=\"title-sep-container title-sep-container-right\"><div class=\"title-sep sep-single\"><\/div><\/div><\/div><div class=\"fusion-one-half fusion-layout-column fusion-spacing-yes\" style=\"margin-top:15px;margin-bottom:15px;\"><div class=\"fusion-column-wrapper\"><div class=\"fusion-sep-clear\"><\/div><div class=\"fusion-separator fusion-full-width-sep sep-none\" style=\"border-color:#e0dede;margin-left: auto;margin-right: auto;margin-top:10px;\"><\/div><span class=\"fusion-imageframe imageframe-none imageframe-1 hover-type-none\"> <img decoding=\"async\" src=\"http:\/\/rossirevestimentos.com.br\/home\/wp-content\/uploads\/2016\/07\/rossi_fachada.jpg\" alt=\"Rossi Revestimentos\" class=\"img-responsive\"\/><\/span><div class=\"fusion-sep-clear\"><\/div><div class=\"fusion-separator fusion-full-width-sep sep-none\" style=\"border-color:#e0dede;margin-left: auto;margin-right: auto;margin-top:10px;\"><\/div><div class=\"fusion-tabs fusion-tabs-1 clean horizontal-tabs\"><style type=\"text\/css\">#wrapper .fusion-tabs.fusion-tabs-1.clean .nav-tabs li a{border-color:#eaeaea;}.fusion-tabs.fusion-tabs-1 .nav-tabs li a{background-color:#f1f2f2;}.fusion-tabs.fusion-tabs-1 .nav-tabs li.active a,.fusion-tabs.fusion-tabs-1 .nav-tabs li.active a:hover,.fusion-tabs.fusion-tabs-1 .nav-tabs li.active a:focus{background-color:#ffffff;}.fusion-tabs.fusion-tabs-1 .nav-tabs li a:hover{background-color:#ffffff;border-top-color:#ffffff;}.fusion-tabs.fusion-tabs-1 .tab-pane{background-color:#ffffff;}.fusion-tabs.fusion-tabs-1 .nav,.fusion-tabs.fusion-tabs-1 .nav-tabs,.fusion-tabs.fusion-tabs-1 .tab-content .tab-pane{border-color:#eaeaea;}<\/style><div class=\"nav\"><ul class=\"nav-tabs nav-justified\"><li class=\"active\"><a class=\"tab-link\" id=\"fusion-tab-miss\u00c3o\" href=\"#tab-078b4503b2aee68d8fa\" data-toggle=\"tab\"><h4 class=\"fusion-tab-heading\">MISS\u00c3O<\/h4><\/a><\/li><li><a class=\"tab-link\" id=\"fusion-tab-vis\u00c3o\" href=\"#tab-ba33453b8c8c04c5643\" data-toggle=\"tab\"><h4 class=\"fusion-tab-heading\">VIS\u00c3O<\/h4><\/a><\/li><li><a class=\"tab-link\" id=\"fusion-tab-valores\" href=\"#tab-648520404313b73bb82\" data-toggle=\"tab\"><h4 class=\"fusion-tab-heading\">VALORES<\/h4><\/a><\/li><\/ul><\/div><div class=\"tab-content\"><div class=\"nav fusion-mobile-tab-nav\"><ul class=\"nav-tabs nav-justified\"><li class=\"active\"><a class=\"tab-link\" id=\"fusion-tab-miss\u00c3o\" href=\"#tab-078b4503b2aee68d8fa\" data-toggle=\"tab\"><h4 class=\"fusion-tab-heading\">MISS\u00c3O<\/h4><\/a><\/li><\/ul><\/div><div class=\"tab-pane fade in active\" id=\"tab-078b4503b2aee68d8fa\"><\/p>\n<p class=\"p1\"><span class=\"s1\">Fornecer e comercializar produtos<\/span><span class=\"s2\"> diferenciados que agregam tecnologia e inova\u00e7\u00e3o no setor de acabamentos da constru\u00e7\u00e3o civil visando a plena satisfa\u00e7\u00e3o e\u00a0p<\/span><span class=\"s2\">romovendo<span class=\"Apple-converted-space\">\u00a0<\/span>o bem estar de nossos clientes atrav\u00e9s da arquitetura e do design.<\/span><\/p>\n<p><\/div><div class=\"nav fusion-mobile-tab-nav\"><ul class=\"nav-tabs nav-justified\"><li><a class=\"tab-link\" id=\"fusion-tab-vis\u00c3o\" href=\"#tab-ba33453b8c8c04c5643\" data-toggle=\"tab\"><h4 class=\"fusion-tab-heading\">VIS\u00c3O<\/h4><\/a><\/li><\/ul><\/div><div class=\"tab-pane fade\" id=\"tab-ba33453b8c8c04c5643\"><\/p>\n<p class=\"p1\"><span class=\"s1\">Ser uma empresa de refer\u00eancia<span class=\"Apple-converted-space\">\u00a0 <\/span>no mercado em pastilhas , revestimentos especiais, e mosaicos. \u00a0<\/span><span class=\"s1\">Introduzir solu\u00e7\u00f5es e tend\u00eancias no segmento de revestimentos de decora\u00e7\u00e3o.<\/span><\/p>\n<p><\/div><div class=\"nav fusion-mobile-tab-nav\"><ul class=\"nav-tabs nav-justified\"><li><a class=\"tab-link\" id=\"fusion-tab-valores\" href=\"#tab-648520404313b73bb82\" data-toggle=\"tab\"><h4 class=\"fusion-tab-heading\">VALORES<\/h4><\/a><\/li><\/ul><\/div><div class=\"tab-pane fade\" id=\"tab-648520404313b73bb82\"><\/p>\n<p class=\"p1\"><span class=\"s1\">\u25cf \u00c9tica.<\/span><\/p>\n<p class=\"p1\"><span class=\"s1\">\u25cf Excel\u00eancia nos produtos e no atendimento ao cliente.<\/span><\/p>\n<p class=\"p1\"><span class=\"s1\">\u25cf Responsabilidade\u00a0pelas nossas a\u00e7\u00f5es e cumpridores de nossos compromissos.<\/span><\/p>\n<p><\/div><\/div><\/div><div class=\"fusion-clearfix\"><\/div><\/div><\/div><div class=\"fusion-one-half fusion-layout-column fusion-column-last fusion-spacing-yes\" style=\"margin-top:15px;margin-bottom:15px;\"><div class=\"fusion-column-wrapper\"><div align=\"justify\">A Rossi Revestimentos \u00e9 uma empresa do Grupo Rossi, consolidada no mercado, com expertise e mais de 30 anos de hist\u00f3ria e tradi\u00e7\u00e3o no mercado Paranaense.<br \/>\nA Rossi oferece ao mercado os melhores produtos e solu\u00e7\u00f5es inovadoras com diversas linhas de revestimentos, porcelanatos entre outros produtos.<br \/>\nSeguindo tend\u00eancias da decora\u00e7\u00e3o mundial, combina inova\u00e7\u00e3o e tradi\u00e7\u00e3o para desenvolver pastilhas, argamassas e acess\u00f3rios que transformam ambientes.<br \/>\nAl\u00e9m de ter os melhores produtos, a Rossi tamb\u00e9m mant\u00e9m diferenciais em seus servi\u00e7os. A empresa atende desde as grandes obras e construtoras, at\u00e9 as pequenas metragens e placas de pastilhas para mosaicos art\u00edsticos.<br \/>\nBeleza, durabilidade, liberdade de cria\u00e7\u00e3o e uso, \u00e9 o que as pastilhas v\u00eam proporcionando aos arquitetos, artistas pl\u00e1sticos, construtores e decoradores desde o in\u00edcio dos tempos.<br \/>\nA Rossi Revestimentos acredita que a modernidade e a beleza n\u00e3o precisam estar dissociadas de uma consci\u00eancia ambiental efetiva. Por isso, apresenta ao setor produtos com alta tecnologia e \u00f3tima durabilidade sem deixar de lado a preocupa\u00e7\u00e3o com o meio ambiente.<br \/>\nOs clientes da Rossi contam com o exclusivo Atelier, que trabalha com cria\u00e7\u00f5es originais, mosaicos art\u00edsticos, personaliza\u00e7\u00e3o de revestimentos e ambientes, restauro, desenvolvimento e execu\u00e7\u00e3o de projetos.<br \/>\nAinda desenvolvemos projetos e assessoria completa a arquitetos, decoradores e design de interiores.<br \/>\nVenha fazer parte desta fam\u00edlia,<\/div>\n<div class=\"fusion-clearfix\"><\/div><\/div><\/div><div class=\"fusion-clearfix\"><\/div><\/div><\/div>\n","protected":false},"excerpt":{"rendered":"","protected":false},"author":2,"featured_media":0,"parent":0,"menu_order":0,"comment_status":"closed","ping_status":"closed","template":"","meta":{"footnotes":""},"class_list":["post-17958","page","type-page","status-publish","hentry"],"_links":{"self":[{"href":"https:\/\/rossirevestimentos.com.br\/home\/wp-json\/wp\/v2\/pages\/17958","targetHints":{"allow":["GET"]}}],"collection":[{"href":"https:\/\/rossirevestimentos.com.br\/home\/wp-json\/wp\/v2\/pages"}],"about":[{"href":"https:\/\/rossirevestimentos.com.br\/home\/wp-json\/wp\/v2\/types\/page"}],"author":[{"embeddable":true,"href":"https:\/\/rossirevestimentos.com.br\/home\/wp-json\/wp\/v2\/users\/2"}],"replies":[{"embeddable":true,"href":"https:\/\/rossirevestimentos.com.br\/home\/wp-json\/wp\/v2\/comments?post=17958"}],"version-history":[{"count":12,"href":"https:\/\/rossirevestimentos.com.br\/home\/wp-json\/wp\/v2\/pages\/17958\/revisions"}],"predecessor-version":[{"id":18945,"href":"https:\/\/rossirevestimentos.com.br\/home\/wp-json\/wp\/v2\/pages\/17958\/revisions\/18945"}],"wp:attachment":[{"href":"https:\/\/rossirevestimentos.com.br\/home\/wp-json\/wp\/v2\/media?parent=17958"}],"curies":[{"name":"wp","href":"https:\/\/api.w.org\/{rel}","templated":true}]}}